{"id":685,"date":"2025-12-04T17:33:20","date_gmt":"2025-12-04T16:33:20","guid":{"rendered":"https:\/\/cdje33.fr\/?page_id=685"},"modified":"2025-12-08T13:59:17","modified_gmt":"2025-12-08T12:59:17","slug":"championnat-departemental-jeunes","status":"publish","type":"page","link":"https:\/\/cdje33.fr\/index.php\/championnat-departemental-jeunes\/","title":{"rendered":"Championnat d\u00e9partemental jeunes"},"content":{"rendered":"\n<p>Le comit\u00e9 d\u00e9partemental d&rsquo;\u00e9checs de la Gironde organise le championnat de Gironde jeunes le dimanche 4 janvier<br>2026 \u00e0 Saint Macaire.<\/p>\n\n\n\n<p>Ce championnat permet aux jeunes qualifi\u00e9s de participer au championnat d&rsquo;Aquitaine jeunes, lui-m\u00eame qualificatif au championnat de France jeunes.<\/p>\n\n\n\n<p>Ce championnat est ouvert \u00e0 tous les jeunes de Gironde. <\/p>\n\n\n\n<p><strong>Attention, la F\u00e9d\u00e9ration impose depuis la rentr\u00e9e l&rsquo;obligation d&rsquo;avoir une licence A pour participer \u00e0 ce qualificatif. Pensez \u00e0 bien v\u00e9rifier la licence de votre enfant avant inscription.<\/strong><\/p>\n\n\n\n<p><strong>Informations pratiques :<br><\/strong>Arbitrage : Pierre Lapeyre &#8211; <a href=\"mailto:pierrelapeyre1@yahoo.fr\">pierrelapeyre1@yahoo.fr<\/a><br>Organisation : Tristan Roselle &#8211; <a href=\"mailto:tristan.roselle@gmail.com\">tristan.roselle@gmail.com<\/a><br>R\u00e8glement du championnat : <a href=\"http:\/\/cdje33.fr\/wp-content\/uploads\/2025\/12\/70190_RI.pdf\" target=\"_blank\" rel=\"noreferrer noopener\">Lien vers le r\u00e8glement<\/a><br>Inscription en ligne : <a href=\"https:\/\/chessevent.echecs-bretagne.fr\/public\/inscrForm1.php?event=NAQ_33_CIJ332526\">Lien vers l&rsquo;inscription<\/a><\/p>\n\n\n\n<p><strong>Format du championnat :<\/strong><br>Cadence de jeu : 15 minutes + 5 secondes par coup<br>7 rondes dans la journ\u00e9e, dont 3 le matin et 4 dans l&rsquo;apr\u00e8s-midi.<\/p>\n\n\n\n<p><strong>Horaires :<\/strong><br>V\u00e9rifications des licences et cl\u00f4ture des inscriptions : 08h30 \u00e0 09h30<br>Ronde 1: 10h<br>Ronde 2: 10h50<br>Ronde 3: 11h40<br>Ronde 4: 14h<br>Ronde 5: 14h50<br>Ronde 6: 15h40<br>Ronde 7: 16h30<br>Remise des prix: 17h30<\/p>\n\n\n\n<p><strong>Qualifications :<\/strong><br>Le nombre de qualifi\u00e9s par cat\u00e9gorie pour le championnat r\u00e9gional correspondra 30 % des<br>effectifs de la cat\u00e9gorie sauf :<br>&#8211; f\u00e9minines toutes cat\u00e9gories d\u2019\u00e2ge (50%)<br>&#8211; U16 (minimes) (50 %)<\/p>\n\n\n\n<p><strong>Lieux du championnat :<\/strong><br><strong>Salle des f\u00eates<\/strong>, 3 all\u00e9e Tourny :<br>Pointage, buvette, accueil parents, remise des prix<br><strong>Mairie<\/strong>, 8 all\u00e9e des Tilleuls :<br>salle de jeu<br><strong>Gymnase de l\u2019\u00e9cole<\/strong>, 15 rue de Verdun :<br>Salle de jeu<br><strong>Prieur\u00e9<\/strong>, 9 place de l\u2019\u00e9glise :<br>Salle de jeu<br><strong>Ch\u00e2teau de Tardes<\/strong>, Rue du port Nava :<br>Salle de jeu<\/p>\n\n\n\n<p><strong>Restauration :<\/strong>&nbsp;Sud Gironde \u00c9checs organise une restauration sur place \u00e0 la salle des f\u00eates.<br>Pour le midi :<br>Soupe maison, sandwichs et plats maison<br>Boissons :<br>Caf\u00e9, th\u00e9, chocolat chaud, bouteilles d\u2019eau, coca, oasis, ice tea<br>En-cas : Cr\u00eapes, fruits, barres chocolat\u00e9es<\/p>\n","protected":false},"excerpt":{"rendered":"<p>Le comit\u00e9 d\u00e9partemental d&rsquo;\u00e9checs de la Gironde organise le championnat de Gironde jeunes le dimanche 4 janvier2026 \u00e0 Saint Macaire. Ce championnat permet aux jeunes qualifi\u00e9s de participer au championnat d&rsquo;Aquitaine jeunes, lui-m\u00eame qualificatif au championnat de France jeunes. Ce championnat est ouvert \u00e0 tous les jeunes de Gironde. Attention, la F\u00e9d\u00e9ration impose depuis la [&hellip;]<\/p>\n","protected":false},"author":1,"featured_media":0,"parent":0,"menu_order":0,"comment_status":"closed","ping_status":"closed","template":"","meta":{"footnotes":""},"class_list":["post-685","page","type-page","status-publish","hentry"],"blocksy_meta":[],"_links":{"self":[{"href":"https:\/\/cdje33.fr\/index.php\/wp-json\/wp\/v2\/pages\/685","targetHints":{"allow":["GET"]}}],"collection":[{"href":"https:\/\/cdje33.fr\/index.php\/wp-json\/wp\/v2\/pages"}],"about":[{"href":"https:\/\/cdje33.fr\/index.php\/wp-json\/wp\/v2\/types\/page"}],"author":[{"embeddable":true,"href":"https:\/\/cdje33.fr\/index.php\/wp-json\/wp\/v2\/users\/1"}],"replies":[{"embeddable":true,"href":"https:\/\/cdje33.fr\/index.php\/wp-json\/wp\/v2\/comments?post=685"}],"version-history":[{"count":4,"href":"https:\/\/cdje33.fr\/index.php\/wp-json\/wp\/v2\/pages\/685\/revisions"}],"predecessor-version":[{"id":691,"href":"https:\/\/cdje33.fr\/index.php\/wp-json\/wp\/v2\/pages\/685\/revisions\/691"}],"wp:attachment":[{"href":"https:\/\/cdje33.fr\/index.php\/wp-json\/wp\/v2\/media?parent=685"}],"curies":[{"name":"wp","href":"https:\/\/api.w.org\/{rel}","templated":true}]}}